{"id":83,"date":"2015-02-16T14:08:37","date_gmt":"2015-02-16T13:08:37","guid":{"rendered":"http:\/\/dxpg.at\/?page_id=83"},"modified":"2025-12-04T13:24:22","modified_gmt":"2025-12-04T12:24:22","slug":"impressum","status":"publish","type":"page","link":"https:\/\/dxpg.at\/?page_id=83","title":{"rendered":"Impressum"},"content":{"rendered":"<p><b>Betreiber der Seite:<\/b><br \/>\nAmos Schmidt<br \/>\n8020 Graz<br \/>\n\u00d6sterreich<br \/>\ne-mail: <a href=\"mailto:info@dxpg.at\">info@dxpg.at<\/a><\/p>\n<p>Ich bin verpflichtet, aufgrund der aktuellen Gesetzeslage meine Adressdaten zu ver\u00f6ffentlichen. <span style=\"text-decoration: underline;\">Jede nicht genehmigte Verwendung dieser Daten, z.B. f\u00fcr Werbezwecke, ist hiermit ausdr\u00fccklich verboten. Bei Zuwiderhandlung behalte ich mir rechtliche Schritte vor.<\/span><\/p>\n<p>Ich weise darauf hin, dass s\u00e4mtliche Texte auf dieser Website (einschlie\u00dflich des Impressums) mein geistiges Eigentum sind. Dies gilt ebenfalls f\u00fcr das Ger\u00fcst der Seite (HTML). Geistiges Eigentum ist urheberrechtlich gesch\u00fctzt. Bei Interesse an Texten und \/ oder Inhalten dieser Homepage bitte ich um eMail an oben angegebene eMail-Adresse.<\/p>\n<p><b>Achtung:<\/b> Das direkte Verlinken und\/oder Einbinden von Bildern dieser Homepage in fremde Webseiten ist ohne vorherige Absprache mit dem Administrator nicht gestattet und wird bei Zuwiderhandlung strafrechtlich verfolgt.<\/p>\n<p>Die \u00a9 Copyright- und Urheberrechte der Inhalte dieser Homepage liegen bei Amos Schmidt. Keine Inhalte und \/ oder Texte dieser Website d\u00fcrfen ohne ausdr\u00fcckliche Zustimmung des rechtm\u00e4\u00dfigen Autors, egal ob kommerziell oder privat, im Internet, oder anderweitig ver\u00f6ffentlicht und\/oder vervielf\u00e4ltigt werden. Bei Zuwiderhandlung behalte ich mir, als Autor und Privatperson, rechtliche Schritte vor.<\/p>\n<p>\u00a9 2003-2025 Amos Schmidt, Graz. S\u00e4mtliche Rechte vorbehalten.<\/p>\n","protected":false},"excerpt":{"rendered":"<p>Betreiber der Seite: Amos Schmidt 8020 Graz \u00d6sterreich e-mail: info@dxpg.at Ich bin verpflichtet, aufgrund der aktuellen Gesetzeslage meine Adressdaten zu ver\u00f6ffentlichen. Jede nicht genehmigte Verwendung dieser Daten, z.B. f\u00fcr Werbezwecke, ist hiermit ausdr\u00fccklich verboten. Bei Zuwiderhandlung behalte ich mir rechtliche Schritte vor. Ich weise darauf hin, dass s\u00e4mtliche Texte auf dieser Website (einschlie\u00dflich des Impressums)&#8230;<\/p>\n","protected":false},"author":1,"featured_media":0,"parent":0,"menu_order":0,"comment_status":"closed","ping_status":"closed","template":"","meta":{"footnotes":""},"class_list":["post-83","page","type-page","status-publish","hentry"],"_links":{"self":[{"href":"https:\/\/dxpg.at\/index.php?rest_route=\/wp\/v2\/pages\/83","targetHints":{"allow":["GET"]}}],"collection":[{"href":"https:\/\/dxpg.at\/index.php?rest_route=\/wp\/v2\/pages"}],"about":[{"href":"https:\/\/dxpg.at\/index.php?rest_route=\/wp\/v2\/types\/page"}],"author":[{"embeddable":true,"href":"https:\/\/dxpg.at\/index.php?rest_route=\/wp\/v2\/users\/1"}],"replies":[{"embeddable":true,"href":"https:\/\/dxpg.at\/index.php?rest_route=%2Fwp%2Fv2%2Fcomments&post=83"}],"version-history":[{"count":5,"href":"https:\/\/dxpg.at\/index.php?rest_route=\/wp\/v2\/pages\/83\/revisions"}],"predecessor-version":[{"id":823,"href":"https:\/\/dxpg.at\/index.php?rest_route=\/wp\/v2\/pages\/83\/revisions\/823"}],"wp:attachment":[{"href":"https:\/\/dxpg.at\/index.php?rest_route=%2Fwp%2Fv2%2Fmedia&parent=83"}],"curies":[{"name":"wp","href":"https:\/\/api.w.org\/{rel}","templated":true}]}}