{"id":725,"date":"2024-12-12T11:52:55","date_gmt":"2024-12-12T10:52:55","guid":{"rendered":"https:\/\/dxpg.at\/?page_id=725"},"modified":"2024-12-12T11:52:55","modified_gmt":"2024-12-12T10:52:55","slug":"tropo-highlights","status":"publish","type":"page","link":"https:\/\/dxpg.at\/?page_id=725","title":{"rendered":"Tropo-Highlights"},"content":{"rendered":"<p>Im Lauf der Jahre gab es einige Tage mit denkw\u00fcrdigen Tropo-\u00dcberreichweiten, die teilweise Logs erm\u00f6glicht haben, die sich seither nie mehr wiederholt haben. Andere Tropo-\u00d6ffnungen brachten aus verschiedenen Gr\u00fcnden ungew\u00f6hnliche Empf\u00e4nge. Generell sind in Graz am ehesten \u00dcberreichweiten aus Nordost bis S\u00fcdwest machbar, der Westen und Norden ist durch die Alpen benachteiligt und erm\u00f6glicht kaum Tropo-Empf\u00e4nge. Einige H\u00f6hepunkte, die an meinem DX-Standort empfangen wurden, werden hier beschrieben.<\/p>\n<h3>Mittelitalien (28. September und 20. Oktober 2014)<\/h3>\n<p>Ausgepr\u00e4gte \u00dcberreichweiten aus Mittelitalien herrschten gleich zwei Mal im Herbst 2014. Zu meiner gro\u00dfen \u00dcberraschung gelangen an meiner zweiten 9-Element-Yagi-Antenne auf dem nach Westen ge\u00f6ffneten Balkon, die zu dem Zeitpunkt Richtung S\u00fcdwesten ausgerichtet war, einige sehr ungew\u00f6hnliche Empf\u00e4nge aus den mittelitalienischen Regionen Marche und Abruzzo, die im Normalfall h\u00f6chstens als Scatter-Empf\u00e4nge wahrnehmbar sind.<\/p>\n<figure id=\"attachment_726\" aria-describedby=\"caption-attachment-726\" style=\"width: 459px\" class=\"wp-caption aligncenter\"><img loading=\"lazy\" decoding=\"async\" class=\"size-full wp-image-726\" src=\"http:\/\/dxpg.at\/wordpress\/wp-content\/uploads\/2024\/12\/20140928_8750_53FD.png\" alt=\"\" width=\"459\" height=\"370\" srcset=\"https:\/\/dxpg.at\/wordpress\/wp-content\/uploads\/2024\/12\/20140928_8750_53FD.png 459w, https:\/\/dxpg.at\/wordpress\/wp-content\/uploads\/2024\/12\/20140928_8750_53FD-300x242.png 300w\" sizes=\"auto, (max-width: 459px) 100vw, 459px\" \/><figcaption id=\"caption-attachment-726\" class=\"wp-caption-text\">Radio Subasio, Sigillo\/Monte Columeo (Monte Cucco), 32 kW, 462 km<\/figcaption><\/figure>\n<p>Radio Subasio auf 87.5 MHz war sogar f\u00fcr 2-3 Stunden am Nachmittag des 28. September dauerhaft mit RDS empfangbar. Das Signal des in Umbrien gelegenen Monte Cucco (HASL 1201 m) war auch stellenweise im Autoradio im Stadtgebiet mobil wahrnehmbar.<\/p>\n<figure id=\"attachment_727\" aria-describedby=\"caption-attachment-727\" style=\"width: 455px\" class=\"wp-caption aligncenter\"><img loading=\"lazy\" decoding=\"async\" class=\"size-full wp-image-727\" src=\"http:\/\/dxpg.at\/wordpress\/wp-content\/uploads\/2024\/12\/20140928_10220_5214.png\" alt=\"\" width=\"455\" height=\"370\" srcset=\"https:\/\/dxpg.at\/wordpress\/wp-content\/uploads\/2024\/12\/20140928_10220_5214.png 455w, https:\/\/dxpg.at\/wordpress\/wp-content\/uploads\/2024\/12\/20140928_10220_5214-300x244.png 300w\" sizes=\"auto, (max-width: 455px) 100vw, 455px\" \/><figcaption id=\"caption-attachment-727\" class=\"wp-caption-text\">Radio Deejay, Civitella del Tronto\/San Giacomo-Monte Piselli, 5 kW, 497 km<\/figcaption><\/figure>\n<p>Auch der Monte Piselli bei Ascoli Piceno (HASL 1634 m) erreichte an diesem Tag RDS-Niveau. Von diesem Standort konnten auch 94.9 (Radio Domani), 95.2 (Radio R9), 97.3 (Radio Maria), 106.3 (RDS), 107.1 (RTL 102.5) geloggt werden. Au\u00dferdem wurde kurzzeitig auch die 98.5 (Radio Lattemiele) empfangen, was als sehr ungew\u00f6hnlicher Log in Erinnerung bleibt. Auf dieser Frequenz ist n\u00e4mlich HRT-HR 2 vom Fernsehturm Sljeme in Zagreb (135 km) \u00fcblicherweise Ortssender.<\/p>\n<figure id=\"attachment_730\" aria-describedby=\"caption-attachment-730\" style=\"width: 461px\" class=\"wp-caption aligncenter\"><img loading=\"lazy\" decoding=\"async\" class=\"size-full wp-image-730\" src=\"http:\/\/dxpg.at\/wordpress\/wp-content\/uploads\/2024\/12\/20141020_10250_5218.png\" alt=\"\" width=\"461\" height=\"370\" srcset=\"https:\/\/dxpg.at\/wordpress\/wp-content\/uploads\/2024\/12\/20141020_10250_5218.png 461w, https:\/\/dxpg.at\/wordpress\/wp-content\/uploads\/2024\/12\/20141020_10250_5218-300x241.png 300w\" sizes=\"auto, (max-width: 461px) 100vw, 461px\" \/><figcaption id=\"caption-attachment-730\" class=\"wp-caption-text\">RTL 102.5, Maiella-Rifugio Pomilio, 31,6 kW, 554 km<\/figcaption><\/figure>\n<p>Bei einer derartigen \u00d6ffnung durfte nat\u00fcrlich auch der leistungsst\u00e4rkste und wichtigste Standort der mittelitalienischen Adriak\u00fcste nicht fehlen. Maiella (HASL 1903 m) war vor allem am 20. Oktober 2014 bei den zweiten Tropo-\u00dcberreichweiten in diesem Herbst auf mehreren Frequenzen teilweise mit RDS empfangbar. Neben der 102.5 (RTL 102.5) wurden auch 88.6 (Radio Delta 1), 95.8 (Virgin Radio), 101.2 (Radio 24), 105.0 (Radio Capital), 105.6 (Radio Maria) empfangen.<\/p>\n<p>Zu den zahlreichen weiteren Logs an den beiden Tagen z\u00e4hlten u.a. auch Monte Nerone (451 km; 94.7 mit vollem RDS, 96.6), Monte Sassotetto (483 km; 90.8, 93.5, 94.0, 102.6 mit PI) und Cingoli\/Pian dei Conti (447 km; 106.0), Bomba\/Monte Pallano (564 km; 94.6), Monte Carpegna (436 km; 107.0), Monte San Paolo (424 km; 89.0).<\/p>\n<p>Interessant ist, dass es sich bei den empfangenen Standorten fast ausschlie\u00dflich um jene handelte, die \u00fcblicherweise ohne \u00dcberreichweiten in weiten Teilen der kroatischen Adriak\u00fcste in Nord- und Mitteldalmatien (dort sind es ca. 250 km Entfernung) empfangbar sind.<\/p>\n<h3>Serbien und Rum\u00e4nien (20. Oktober 2014)<\/h3>\n<p>Gleichzeitig mit den ungew\u00f6hnlichen \u00dcberreichweiten aus Mittelitalien tauchten am 20. Oktober 2014 einige seltener beobachtete Signale aus Serbien und Rum\u00e4nien auf.<\/p>\n<figure id=\"attachment_731\" aria-describedby=\"caption-attachment-731\" style=\"width: 455px\" class=\"wp-caption aligncenter\"><img loading=\"lazy\" decoding=\"async\" class=\"size-full wp-image-731\" src=\"http:\/\/dxpg.at\/wordpress\/wp-content\/uploads\/2024\/12\/20141020_10560_EE03.png\" alt=\"\" width=\"455\" height=\"370\" srcset=\"https:\/\/dxpg.at\/wordpress\/wp-content\/uploads\/2024\/12\/20141020_10560_EE03.png 455w, https:\/\/dxpg.at\/wordpress\/wp-content\/uploads\/2024\/12\/20141020_10560_EE03-300x244.png 300w\" sizes=\"auto, (max-width: 455px) 100vw, 455px\" \/><figcaption id=\"caption-attachment-731\" class=\"wp-caption-text\">SRR Radio Re\u0219i\u021ba, Re\u0219i\u021ba\/Semenic, 100 kW, 551 km<\/figcaption><\/figure>\n<p>Der Standort Re\u0219i\u021ba\/Semenic konnte auch auf 102.5 (SRR Radio Rom\u00e2nia Actualit\u0103\u021bi) empfangen werden.<\/p>\n<p>Aus Serbien gelangen zahlreiche Logs, vor allem aus der Vojvodina im Norden des Landes. Neben einigen Grundnetzsendern wie dem Crveni \u010cot (392 km), Iri\u0161ki Venac (401 km) und dem Fernsehturm Avala in Belgrad (473 km), die doch hin und wieder bei Tropo-\u00dcberreichweiten empfangbar sind, stach diese \u00d6ffnung durch den seltenen Empfang schwacher F\u00fcllsender aus rund 400 Kilometern Entfernung hervor.<\/p>\n<p>Aus der Stadt Novi Sad (ca. 400 km) waren einige schwache Sender empfangbar, die von Hochhausd\u00e4chern mit geringer Sendeleistung von rund 300 bis 500 Watt abgestrahlt werden und \u00fcblicherweise kaum Reichweite haben (91.0, 92.2, 95.8).<\/p>\n<figure id=\"attachment_729\" aria-describedby=\"caption-attachment-729\" style=\"width: 455px\" class=\"wp-caption aligncenter\"><img loading=\"lazy\" decoding=\"async\" class=\"size-full wp-image-729\" src=\"http:\/\/dxpg.at\/wordpress\/wp-content\/uploads\/2024\/12\/20141020_9650_D2F6.png\" alt=\"\" width=\"455\" height=\"370\" srcset=\"https:\/\/dxpg.at\/wordpress\/wp-content\/uploads\/2024\/12\/20141020_9650_D2F6.png 455w, https:\/\/dxpg.at\/wordpress\/wp-content\/uploads\/2024\/12\/20141020_9650_D2F6-300x244.png 300w\" sizes=\"auto, (max-width: 455px) 100vw, 455px\" \/><figcaption id=\"caption-attachment-729\" class=\"wp-caption-text\">RTS-Radio Beograd 2, Crveni \u010cot, 80 kW, 392 km<\/figcaption><\/figure>\n<h3>Mittelitalien und Balkan (27.\/28. August 2016)<\/h3>\n<p>Ende August 2016 wiederholten sich die seltenen \u00dcberreichweiten des Herbst 2014 mit nahezu \u00e4hnlichen Empf\u00e4ngen, wie oben beschrieben.<\/p>\n<figure id=\"attachment_733\" aria-describedby=\"caption-attachment-733\" style=\"width: 461px\" class=\"wp-caption aligncenter\"><img loading=\"lazy\" decoding=\"async\" class=\"size-full wp-image-733\" src=\"http:\/\/dxpg.at\/wordpress\/wp-content\/uploads\/2024\/12\/20160827_10260_5218.png\" alt=\"\" width=\"461\" height=\"370\" srcset=\"https:\/\/dxpg.at\/wordpress\/wp-content\/uploads\/2024\/12\/20160827_10260_5218.png 461w, https:\/\/dxpg.at\/wordpress\/wp-content\/uploads\/2024\/12\/20160827_10260_5218-300x241.png 300w\" sizes=\"auto, (max-width: 461px) 100vw, 461px\" \/><figcaption id=\"caption-attachment-733\" class=\"wp-caption-text\">RTL 102.5, Monte Sassotetto, 31,6 kW, 483 km<\/figcaption><\/figure>\n<p>Dazu gesellten sich auch einige Empf\u00e4nge aus dem n\u00f6rdlichen Dalmatien, die zwar geringere Entfernungen aufweisen, aber nicht allzu oft mit RDS empfangbar sind.<\/p>\n<figure id=\"attachment_735\" aria-describedby=\"caption-attachment-735\" style=\"width: 466px\" class=\"wp-caption aligncenter\"><img loading=\"lazy\" decoding=\"async\" class=\"size-full wp-image-735\" src=\"http:\/\/dxpg.at\/wordpress\/wp-content\/uploads\/2024\/12\/20160828_10300_C31B.png\" alt=\"\" width=\"466\" height=\"370\" srcset=\"https:\/\/dxpg.at\/wordpress\/wp-content\/uploads\/2024\/12\/20160828_10300_C31B.png 466w, https:\/\/dxpg.at\/wordpress\/wp-content\/uploads\/2024\/12\/20160828_10300_C31B-300x238.png 300w\" sizes=\"auto, (max-width: 466px) 100vw, 466px\" \/><figcaption id=\"caption-attachment-735\" class=\"wp-caption-text\">HRT Radio Zadar, \u0106elevac, 80 kW, 313 km<\/figcaption><\/figure>\n<p>Aus S\u00fcdosten waren zu diesem Zeitpunkt vor allem die &#8222;\u00fcblichen Verd\u00e4chtigen&#8220; wie etwa Vla\u0161i\u0107 (352 km) zu h\u00f6ren, aber es gab auch einige \u00dcberraschungen aus Serbien bzw. Bosnien-Herzegowina: Kopaonik\/Gobelja (90.9 RTS-Radio Beograd 1, 593 km) und Fojnica\/\u0106ubren (98.1, Radio Herceg-Bosne, 410 km)<\/p>\n<p>W\u00e4hrend vergleichbare Empf\u00e4nge aus dem Balkanraum immer wieder einmal vorkommen, wurden seither nie wieder derartig ausgepr\u00e4gte \u00dcberreichweiten aus Mittelitalien beobachtet. Damit bleiben die \u00d6ffnungen von 2014 und 2016 in besonderer Erinnerung.<\/p>\n<h3>Balkan (16. September 2019)<\/h3>\n<p>Eine weitere interessante \u00d6ffnung ereignete sich am 16. September 2019, als aus dem Balkan neben den gew\u00f6hnlichen Tropo-Empf\u00e4ngen einige Erstempf\u00e4nge zu verzeichnen waren.<\/p>\n<figure id=\"attachment_737\" aria-describedby=\"caption-attachment-737\" style=\"width: 495px\" class=\"wp-caption aligncenter\"><img loading=\"lazy\" decoding=\"async\" class=\"size-full wp-image-737\" src=\"http:\/\/dxpg.at\/wordpress\/wp-content\/uploads\/2024\/12\/20190916_10690_F222.png\" alt=\"\" width=\"495\" height=\"363\" srcset=\"https:\/\/dxpg.at\/wordpress\/wp-content\/uploads\/2024\/12\/20190916_10690_F222.png 495w, https:\/\/dxpg.at\/wordpress\/wp-content\/uploads\/2024\/12\/20190916_10690_F222-300x220.png 300w\" sizes=\"auto, (max-width: 495px) 100vw, 495px\" \/><figcaption id=\"caption-attachment-737\" class=\"wp-caption-text\">BN Radio, Veliki \u017dep, 10 kW, 435 km<\/figcaption><\/figure>\n<p>Vor allem der Nordosten Bosniens und Serbien dominierten an diesem Tag das Geschehen.<\/p>\n<h3>Balkan, Ungarn und Slowakei (30.\/31. Oktober 2022)<\/h3>\n<p>Ende Oktober 2022 ereignete sich eine ungew\u00f6hnlich starke \u00d6ffnung, die von Nordosten bis S\u00fcdosten reichte. Zahlreiche Standorte aus Ungarn und der Slowakei waren selbst mobil im Autoradio teils mit RDS im Stadtgebiet empfangbar. Budapest\/Sz\u00e9chenyi-hegy (272 km), normalerweise in dieser Region gar nicht empfangbar, war entlang der Autobahn A2 Richtung Osten fast durchgehend st\u00f6rungsfrei zu h\u00f6ren. Bansk\u00e1 \u0160tiavnica\/Sitno (297 km) war ebenso sehr stark wahrzunehmen. An der Yagi-Antenne gelang der st\u00e4ndige Empfang von 97.5 Kossuth R\u00e1di\u00f3 aus Tokaj (461 km), was ebenfalls einen Erstempfang darstellte. Selbst aus Polen fadeten in horizontaler Polarisation einige Grundnetzsender herein, was in Graz nicht besonders oft vorkommt.<\/p>\n<p>Doch auch Richtung S\u00fcdosten ergaben sich einige Erstempf\u00e4nge, die selbst bei den starken \u00dcberreichweiten 2014 und 2016 nicht dabei waren.<\/p>\n<figure id=\"attachment_736\" aria-describedby=\"caption-attachment-736\" style=\"width: 441px\" class=\"wp-caption aligncenter\"><img loading=\"lazy\" decoding=\"async\" class=\"size-full wp-image-736\" src=\"http:\/\/dxpg.at\/wordpress\/wp-content\/uploads\/2024\/12\/20221030_9930_D2F6.png\" alt=\"\" width=\"441\" height=\"358\" srcset=\"https:\/\/dxpg.at\/wordpress\/wp-content\/uploads\/2024\/12\/20221030_9930_D2F6.png 441w, https:\/\/dxpg.at\/wordpress\/wp-content\/uploads\/2024\/12\/20221030_9930_D2F6-300x244.png 300w\" sizes=\"auto, (max-width: 441px) 100vw, 441px\" \/><figcaption id=\"caption-attachment-736\" class=\"wp-caption-text\">RTS-Radio Beograd 2, Jagodina\/Crni vrh, 25 kW, 557 km<\/figcaption><\/figure>\n<p>Aus Serbien gelang am Abend des 30. Oktober 2022 der Empfang des Senders Jagodina\/Crni vrh in Mittelserbien mit RDS. Auch Rum\u00e4nien zeigte sich mit Re\u0219i\u021ba\/Semenic (551 km) und Arad\/\u0218iria (483 km) nach mehreren Jahren Pause wieder. Dazu kamen noch einige ungew\u00f6hnliche, schw\u00e4chere Sender aus Serbien, wie etwa 99.6 Rom Radio (Obrenovac\/TE Nikola Tesla B, 443 km) oder aus dem \u00e4u\u00dfersten Osten Kroatiens 95.6 Narodni Radio (Ilok\/Principovac, 367 km). F\u00fcllsender, wie etwa Slatina\/Silos (230 km) mit gerade einmal 140 Watt ERP schafften es ebenfalls in das Logbuch (91.1, 100.7).<\/p>\n","protected":false},"excerpt":{"rendered":"<p>Im Lauf der Jahre gab es einige Tage mit denkw\u00fcrdigen Tropo-\u00dcberreichweiten, die teilweise Logs erm\u00f6glicht haben, die sich seither nie mehr wiederholt haben. Andere Tropo-\u00d6ffnungen brachten aus verschiedenen Gr\u00fcnden ungew\u00f6hnliche Empf\u00e4nge. Generell sind in Graz am ehesten \u00dcberreichweiten aus Nordost bis S\u00fcdwest machbar, der Westen und Norden ist durch die Alpen benachteiligt und erm\u00f6glicht kaum&#8230;<\/p>\n","protected":false},"author":1,"featured_media":0,"parent":27,"menu_order":0,"comment_status":"closed","ping_status":"closed","template":"","meta":{"footnotes":""},"class_list":["post-725","page","type-page","status-publish","hentry"],"_links":{"self":[{"href":"https:\/\/dxpg.at\/index.php?rest_route=\/wp\/v2\/pages\/725","targetHints":{"allow":["GET"]}}],"collection":[{"href":"https:\/\/dxpg.at\/index.php?rest_route=\/wp\/v2\/pages"}],"about":[{"href":"https:\/\/dxpg.at\/index.php?rest_route=\/wp\/v2\/types\/page"}],"author":[{"embeddable":true,"href":"https:\/\/dxpg.at\/index.php?rest_route=\/wp\/v2\/users\/1"}],"replies":[{"embeddable":true,"href":"https:\/\/dxpg.at\/index.php?rest_route=%2Fwp%2Fv2%2Fcomments&post=725"}],"version-history":[{"count":3,"href":"https:\/\/dxpg.at\/index.php?rest_route=\/wp\/v2\/pages\/725\/revisions"}],"predecessor-version":[{"id":738,"href":"https:\/\/dxpg.at\/index.php?rest_route=\/wp\/v2\/pages\/725\/revisions\/738"}],"up":[{"embeddable":true,"href":"https:\/\/dxpg.at\/index.php?rest_route=\/wp\/v2\/pages\/27"}],"wp:attachment":[{"href":"https:\/\/dxpg.at\/index.php?rest_route=%2Fwp%2Fv2%2Fmedia&parent=725"}],"curies":[{"name":"wp","href":"https:\/\/api.w.org\/{rel}","templated":true}]}}