{"id":697,"date":"2024-10-16T10:41:28","date_gmt":"2024-10-16T09:41:28","guid":{"rendered":"https:\/\/dxpg.at\/?page_id=697"},"modified":"2025-07-22T11:46:16","modified_gmt":"2025-07-22T10:46:16","slug":"video-bandscan-graz","status":"publish","type":"page","link":"https:\/\/dxpg.at\/?page_id=697","title":{"rendered":"Video-Bandscan Graz (AUT)"},"content":{"rendered":"<p>Dies ist ein Video-Bandscan an meinem Standort in Graz (\u00d6sterreich) bei normalen Empfangsbedingungen unter Verwendung der 9-Element-UKW-Yagi Richtung S\u00fcdosten (150\u00b0).<\/p>\n<p>Ein schriftlicher UKW-Bandscan meines Standorts unter Ber\u00fccksichtigung aller Himmelsrichtungen ist <a href=\"https:\/\/dxpg.at\/?p=685\">hier<\/a> zu finden.<\/p>\n<p>Stand: M\u00e4rz 2023<\/p>\n<p>Empf\u00e4nger: TEF6686<\/p>\n<p>Antennen: 9-Element-UKW-Yagi, Selbstbau<\/p>\n<p>HASL: 357 m<\/p>\n<p>ANT: 17 m (5. Stock eines Wohngeb\u00e4udes)<\/p>\n<p><iframe loading=\"lazy\" title=\"YouTube video player\" src=\"https:\/\/www.youtube.com\/embed\/qY6HTwGZ2rY?si=AIIV7ZatVtL01Tsi\" width=\"560\" height=\"315\" frameborder=\"0\" allowfullscreen=\"allowfullscreen\"><\/iframe><\/p>\n","protected":false},"excerpt":{"rendered":"<p>Dies ist ein Video-Bandscan an meinem Standort in Graz (\u00d6sterreich) bei normalen Empfangsbedingungen unter Verwendung der 9-Element-UKW-Yagi Richtung S\u00fcdosten (150\u00b0). Ein schriftlicher UKW-Bandscan meines Standorts unter Ber\u00fccksichtigung aller Himmelsrichtungen ist hier zu finden. Stand: M\u00e4rz 2023 Empf\u00e4nger: TEF6686 Antennen: 9-Element-UKW-Yagi, Selbstbau HASL: 357 m ANT: 17 m (5. Stock eines Wohngeb\u00e4udes)<\/p>\n","protected":false},"author":1,"featured_media":0,"parent":20,"menu_order":0,"comment_status":"closed","ping_status":"closed","template":"","meta":{"footnotes":""},"class_list":["post-697","page","type-page","status-publish","hentry"],"_links":{"self":[{"href":"https:\/\/dxpg.at\/index.php?rest_route=\/wp\/v2\/pages\/697","targetHints":{"allow":["GET"]}}],"collection":[{"href":"https:\/\/dxpg.at\/index.php?rest_route=\/wp\/v2\/pages"}],"about":[{"href":"https:\/\/dxpg.at\/index.php?rest_route=\/wp\/v2\/types\/page"}],"author":[{"embeddable":true,"href":"https:\/\/dxpg.at\/index.php?rest_route=\/wp\/v2\/users\/1"}],"replies":[{"embeddable":true,"href":"https:\/\/dxpg.at\/index.php?rest_route=%2Fwp%2Fv2%2Fcomments&post=697"}],"version-history":[{"count":2,"href":"https:\/\/dxpg.at\/index.php?rest_route=\/wp\/v2\/pages\/697\/revisions"}],"predecessor-version":[{"id":764,"href":"https:\/\/dxpg.at\/index.php?rest_route=\/wp\/v2\/pages\/697\/revisions\/764"}],"up":[{"embeddable":true,"href":"https:\/\/dxpg.at\/index.php?rest_route=\/wp\/v2\/pages\/20"}],"wp:attachment":[{"href":"https:\/\/dxpg.at\/index.php?rest_route=%2Fwp%2Fv2%2Fmedia&parent=697"}],"curies":[{"name":"wp","href":"https:\/\/api.w.org\/{rel}","templated":true}]}}