{"id":552,"date":"2022-06-23T10:32:25","date_gmt":"2022-06-23T09:32:25","guid":{"rendered":"http:\/\/dxpg.at\/?page_id=552"},"modified":"2026-04-03T15:12:13","modified_gmt":"2026-04-03T14:12:13","slug":"dxpg-at","status":"publish","type":"page","link":"https:\/\/dxpg.at\/","title":{"rendered":""},"content":{"rendered":"<p>Herzlich Willkommen auf DXPG.at! Diese Seite besch\u00e4ftigt sich mit <strong>Rundfunktechnik<\/strong> und <strong>Rundfunk-Fernempfang (DXen)<\/strong> in Graz, \u00d6sterreich und Europa. Der Schwerpunkt liegt auf <strong>Senderfotos<\/strong> von UKW-\/TV-Sendeanlagen in Mitteleuropa und dar\u00fcber hinaus. Au\u00dferdem gibt es hier Informationen \u00fcber <strong>Rundfunk in \u00d6sterreich<\/strong>, <strong>Empfangsger\u00e4te<\/strong> und <strong>Antennen<\/strong> f\u00fcr das DX-Hobby sowie <strong>Bandscans<\/strong>.<\/p>\n<h2>Updates<\/h2>\n<h4>3. April 2026:<\/h4>\n<p><a href=\"https:\/\/dxpg.at\/?page_id=20\">Bandscans<\/a>: <a href=\"https:\/\/dxpg.at\/?p=837\">Bandscan Liezen<\/a> mit Video-Bandscan neu hinzugef\u00fcgt<\/p>\n<h4>22. Dezember 2025:<\/h4>\n<p><a href=\"https:\/\/dxpg.at\/?page_id=20\">Bandscans<\/a>: <a href=\"https:\/\/dxpg.at\/?p=830\">Bandscan Leoben<\/a> neu hinzugef\u00fcgt<\/p>\n<h4>6. Dezember 2025:<\/h4>\n<p><a href=\"https:\/\/dxpg.at\/?page_id=20\">Bandscans<\/a>: <a href=\"https:\/\/dxpg.at\/?p=825\">Bandscan Knittelfeld<\/a> mit Video-Bandscan neu hinzugef\u00fcgt<\/p>\n<h4>1. Dezember 2025:<\/h4>\n<p><a href=\"https:\/\/dxpg.at\/?page_id=20\">Bandscans<\/a>: <a href=\"https:\/\/dxpg.at\/?p=818\">Bandscan F\u00fcrstenfeld<\/a> mit Video-Bandscan neu hinzugef\u00fcgt<\/p>\n<h4>2. November 2025:<\/h4>\n<p><a href=\"https:\/\/dxpg.at\/?page_id=20\">Bandscans<\/a>: <a href=\"https:\/\/dxpg.at\/?p=807\">Bandscan Graz 2004<\/a> in neu aufbereiteter Version, mit Kommentaren und Anmerkungen, als Vergleich zum aktuellen Bandscan, neu hinzugef\u00fcgt<\/p>\n<h4>23. September 2025:<\/h4>\n<p><a href=\"https:\/\/www.dxpg.at\/senderfotos\/oesterreich\/index.htm\">Senderfotos \u00d6sterreich<\/a>: Neue Bilder vom Standort <a href=\"https:\/\/www.dxpg.at\/senderfotos\/oesterreich\/leoben-haeuselberg.htm\">Leoben\/H\u00e4uselberg<\/a><\/p>\n<p>&nbsp;<\/p>\n<p>Besuchen Sie auch meinen <a href=\"https:\/\/www.youtube.com\/user\/DXPG\">YouTube-Kanal DXPG<\/a>, auf dem zahlreiche DX-Videos, insbesondere Video-Bandscans zu finden sind!<\/p>\n<p>&nbsp;<\/p>\n","protected":false},"excerpt":{"rendered":"<p>Herzlich Willkommen auf DXPG.at! Diese Seite besch\u00e4ftigt sich mit Rundfunktechnik und Rundfunk-Fernempfang (DXen) in Graz, \u00d6sterreich und Europa. Der Schwerpunkt liegt auf Senderfotos von UKW-\/TV-Sendeanlagen in Mitteleuropa und dar\u00fcber hinaus. Au\u00dferdem gibt es hier Informationen \u00fcber Rundfunk in \u00d6sterreich, Empfangsger\u00e4te und Antennen f\u00fcr das DX-Hobby sowie Bandscans. Updates 3. April 2026: Bandscans: Bandscan Liezen mit&#8230;<\/p>\n","protected":false},"author":1,"featured_media":0,"parent":0,"menu_order":0,"comment_status":"closed","ping_status":"closed","template":"","meta":{"footnotes":""},"class_list":["post-552","page","type-page","status-publish","hentry"],"_links":{"self":[{"href":"https:\/\/dxpg.at\/index.php?rest_route=\/wp\/v2\/pages\/552","targetHints":{"allow":["GET"]}}],"collection":[{"href":"https:\/\/dxpg.at\/index.php?rest_route=\/wp\/v2\/pages"}],"about":[{"href":"https:\/\/dxpg.at\/index.php?rest_route=\/wp\/v2\/types\/page"}],"author":[{"embeddable":true,"href":"https:\/\/dxpg.at\/index.php?rest_route=\/wp\/v2\/users\/1"}],"replies":[{"embeddable":true,"href":"https:\/\/dxpg.at\/index.php?rest_route=%2Fwp%2Fv2%2Fcomments&post=552"}],"version-history":[{"count":30,"href":"https:\/\/dxpg.at\/index.php?rest_route=\/wp\/v2\/pages\/552\/revisions"}],"predecessor-version":[{"id":843,"href":"https:\/\/dxpg.at\/index.php?rest_route=\/wp\/v2\/pages\/552\/revisions\/843"}],"wp:attachment":[{"href":"https:\/\/dxpg.at\/index.php?rest_route=%2Fwp%2Fv2%2Fmedia&parent=552"}],"curies":[{"name":"wp","href":"https:\/\/api.w.org\/{rel}","templated":true}]}}