{"id":37,"date":"2015-02-14T19:56:38","date_gmt":"2015-02-14T18:56:38","guid":{"rendered":"http:\/\/dxpg.at\/?page_id=37"},"modified":"2024-09-10T09:34:45","modified_gmt":"2024-09-10T08:34:45","slug":"senderfotos","status":"publish","type":"page","link":"https:\/\/dxpg.at\/?page_id=37","title":{"rendered":"Senderfotos"},"content":{"rendered":"<p>Auf DXPG.at sind Senderfotos von Sendestandorten weltweit zu finden. Die meisten Bilder stammen aus \u00d6sterreich, Deutschland, Slowenien, Kroatien, Bosnien-Herzegowina, Serbien, Italien, aber auch aus anderen europ\u00e4ischen L\u00e4ndern und Nordamerika.<\/p>\n<p>Auf den folgenden Seiten sind alle Senderfotos zu finden, unterteilt nach L\u00e4ndern und auf den Unterseiten weiter unterteilt nach Bundesl\u00e4ndern bzw. Provinzen oder Regionen.<\/p>\n<p>Hinweis: Die Senderfoto-Seiten bleiben weiterhin im schlichten HTML-Design bestehen. Die nachfolgenden Links verweisen zu den L\u00e4nder-\u00dcbersichtsseiten, dort sind die einzelnen Standorte mit Vorschaubild aufgef\u00fchrt. Von den Senderfoto-Seiten kommt man \u00fcber das Men\u00fc links durch Klicken auf &#8222;Zur\u00fcck zur Startseite&#8220; wieder auf die aktuelle Startseite von DXPG.at.<\/p>\n<figure id=\"attachment_154\" aria-describedby=\"caption-attachment-154\" style=\"width: 200px\" class=\"wp-caption alignright\"><a href=\"http:\/\/www.dxpg.at\/senderfotos\/oesterreich\/schoeckl.htm\"><img loading=\"lazy\" decoding=\"async\" class=\"wp-image-154 size-medium\" src=\"http:\/\/dxpg.at\/wordpress\/wp-content\/uploads\/2015\/02\/schoeckl12gr-200x300.jpg\" alt=\"Sender Graz 1\/Sch\u00f6ckl\" width=\"200\" height=\"300\" srcset=\"https:\/\/dxpg.at\/wordpress\/wp-content\/uploads\/2015\/02\/schoeckl12gr-200x300.jpg 200w, https:\/\/dxpg.at\/wordpress\/wp-content\/uploads\/2015\/02\/schoeckl12gr-150x225.jpg 150w, https:\/\/dxpg.at\/wordpress\/wp-content\/uploads\/2015\/02\/schoeckl12gr.jpg 852w\" sizes=\"auto, (max-width: 200px) 100vw, 200px\" \/><\/a><figcaption id=\"caption-attachment-154\" class=\"wp-caption-text\">Sender Graz 1\/Sch\u00f6ckl<\/figcaption><\/figure>\n<p>\u00bb <a href=\"http:\/\/www.dxpg.at\/senderfotos\/oesterreich\/index.htm\" target=\"_top\" rel=\"noopener noreferrer\">\u00d6sterreich<\/a><br \/>\n\u00bb <a href=\"http:\/\/www.dxpg.at\/senderfotos\/albanien\/index.htm\" target=\"_top\" rel=\"noopener noreferrer\">Albanien<\/a><br \/>\n\u00bb <a href=\"http:\/\/www.dxpg.at\/senderfotos\/armenien\/index.htm\" target=\"_top\" rel=\"noopener noreferrer\">Armenien<\/a><br \/>\n\u00bb <a href=\"http:\/\/www.dxpg.at\/senderfotos\/aruba\/index.htm\" target=\"_top\" rel=\"noopener noreferrer\">Aruba<\/a><br \/>\n\u00bb <a href=\"http:\/\/www.dxpg.at\/senderfotos\/aserbaidschan\/index.htm\" target=\"_top\" rel=\"noopener noreferrer\">Aserbaidschan<\/a><br \/>\n\u00bb <a href=\"http:\/\/www.dxpg.at\/senderfotos\/belgien\/index.htm\" target=\"_top\" rel=\"noopener noreferrer\">Belgien<\/a><br \/>\n\u00bb <a href=\"http:\/\/www.dxpg.at\/senderfotos\/bosnien\/index.htm\" target=\"_top\" rel=\"noopener noreferrer\">Bosnien-Herzegowina<\/a><br \/>\n\u00bb <a href=\"http:\/\/www.dxpg.at\/senderfotos\/bulgarien\/index.htm\" target=\"_top\" rel=\"noopener noreferrer\">Bulgarien<\/a><br \/>\n\u00bb <a href=\"http:\/\/www.dxpg.at\/senderfotos\/curacao\/index.htm\" target=\"_top\" rel=\"noopener noreferrer\">Cura\u00e7ao<\/a><br \/>\n\u00bb <a href=\"http:\/\/www.dxpg.at\/senderfotos\/daenemark\/index.htm\" target=\"_top\" rel=\"noopener noreferrer\">D\u00e4nemark<\/a><br \/>\n\u00bb <a href=\"http:\/\/www.dxpg.at\/senderfotos\/deutschland\/index.htm\" target=\"_top\" rel=\"noopener noreferrer\">Deutschland<\/a><br \/>\n\u00bb <a href=\"http:\/\/www.dxpg.at\/senderfotos\/estland\/index.htm\" target=\"_top\" rel=\"noopener noreferrer\">Estland<\/a><br \/>\n\u00bb <a href=\"http:\/\/www.dxpg.at\/senderfotos\/finnland\/index.htm\" target=\"_top\" rel=\"noopener noreferrer\">Finnland<\/a><br \/>\n\u00bb <a href=\"http:\/\/www.dxpg.at\/senderfotos\/frankreich\/index.htm\" target=\"_top\" rel=\"noopener noreferrer\">Frankreich<\/a><br \/>\n\u00bb <a href=\"http:\/\/www.dxpg.at\/senderfotos\/georgien\/index.htm\" target=\"_top\" rel=\"noopener noreferrer\">Georgien<\/a><br \/>\n\u00bb <a href=\"http:\/\/www.dxpg.at\/senderfotos\/italien\/index.htm\" target=\"_top\" rel=\"noopener noreferrer\">Italien<\/a><br \/>\n\u00bb <a href=\"http:\/\/www.dxpg.at\/senderfotos\/kanada\/index.htm\" target=\"_top\" rel=\"noopener noreferrer\">Kanada<\/a><br \/>\n\u00bb <a href=\"http:\/\/www.dxpg.at\/senderfotos\/kanarischeinseln\/index.htm\" target=\"_top\" rel=\"noopener noreferrer\">Kanarische Inseln<\/a><br \/>\n\u00bb <a href=\"http:\/\/www.dxpg.at\/senderfotos\/kroatien\/index.htm\" target=\"_top\" rel=\"noopener noreferrer\">Kroatien<\/a><br \/>\n\u00bb <a href=\"http:\/\/www.dxpg.at\/senderfotos\/lettland\/index.htm\" target=\"_top\" rel=\"noopener noreferrer\">Lettland<\/a><br \/>\n\u00bb <a href=\"http:\/\/www.dxpg.at\/senderfotos\/litauen\/index.htm\" target=\"_top\" rel=\"noopener noreferrer\">Litauen<\/a><br \/>\n\u00bb <a href=\"http:\/\/www.dxpg.at\/senderfotos\/luxemburg\/index.htm\" target=\"_top\" rel=\"noopener noreferrer\">Luxemburg<\/a><br \/>\n\u00bb <a href=\"http:\/\/www.dxpg.at\/senderfotos\/malta\/index.htm\" target=\"_top\" rel=\"noopener noreferrer\">Malta<\/a><br \/>\n\u00bb <a href=\"http:\/\/www.dxpg.at\/senderfotos\/mazedonien\/index.htm\" target=\"_top\" rel=\"noopener noreferrer\">Mazedonien<\/a><br \/>\n\u00bb <a href=\"http:\/\/www.dxpg.at\/senderfotos\/moldawien\/index.htm\" target=\"_top\" rel=\"noopener noreferrer\">Moldawien<\/a><br \/>\n\u00bb <a href=\"http:\/\/www.dxpg.at\/senderfotos\/monaco\/index.htm\" target=\"_top\" rel=\"noopener noreferrer\">Monaco<\/a><br \/>\n\u00bb <a href=\"http:\/\/www.dxpg.at\/senderfotos\/montenegro\/index.htm\" target=\"_top\" rel=\"noopener noreferrer\">Montenegro<\/a><br \/>\n\u00bb <a href=\"http:\/\/www.dxpg.at\/senderfotos\/niederlande\/index.htm\" target=\"_top\" rel=\"noopener noreferrer\">Niederlande<\/a><br \/>\n\u00bb <a href=\"http:\/\/www.dxpg.at\/senderfotos\/polen\/index.htm\" target=\"_top\" rel=\"noopener noreferrer\">Polen<\/a><br \/>\n\u00bb <a href=\"http:\/\/www.dxpg.at\/senderfotos\/rumaenien\/index.htm\" target=\"_top\" rel=\"noopener noreferrer\">Rum\u00e4nien<\/a><br \/>\n\u00bb <a href=\"http:\/\/www.dxpg.at\/senderfotos\/russland\/index.htm\" target=\"_top\" rel=\"noopener noreferrer\">Russland<\/a><br \/>\n\u00bb <a href=\"http:\/\/www.dxpg.at\/senderfotos\/sanmarino\/index.htm\" target=\"_top\" rel=\"noopener noreferrer\">San Marino<\/a><br \/>\n\u00bb <a href=\"http:\/\/www.dxpg.at\/senderfotos\/schweden\/index.htm\" target=\"_top\" rel=\"noopener noreferrer\">Schweden<\/a><br \/>\n\u00bb <a href=\"http:\/\/www.dxpg.at\/senderfotos\/schweiz\/index.htm\" target=\"_top\" rel=\"noopener noreferrer\">Schweiz<\/a><br \/>\n\u00bb <a href=\"http:\/\/www.dxpg.at\/senderfotos\/serbien\/index.htm\" target=\"_top\" rel=\"noopener noreferrer\">Serbien<\/a><br \/>\n\u00bb <a href=\"http:\/\/www.dxpg.at\/senderfotos\/slowakei\/index.htm\" target=\"_top\" rel=\"noopener noreferrer\">Slowakei<\/a><br \/>\n\u00bb <a href=\"http:\/\/www.dxpg.at\/senderfotos\/slowenien\/index.htm\" target=\"_top\" rel=\"noopener noreferrer\">Slowenien<\/a><br \/>\n\u00bb <a href=\"http:\/\/www.dxpg.at\/senderfotos\/spanien\/index.htm\" target=\"_top\" rel=\"noopener noreferrer\">Spanien<\/a><br \/>\n\u00bb <a href=\"http:\/\/www.dxpg.at\/senderfotos\/tschechien\/index.htm\" target=\"_top\" rel=\"noopener noreferrer\">Tschechien<\/a><br \/>\n\u00bb <a href=\"http:\/\/www.dxpg.at\/senderfotos\/ukraine\/index.htm\" target=\"_top\" rel=\"noopener noreferrer\">Ukraine<\/a><br \/>\n\u00bb <a href=\"http:\/\/www.dxpg.at\/senderfotos\/ungarn\/index.htm\" target=\"_top\" rel=\"noopener noreferrer\">Ungarn<\/a><br \/>\n\u00bb <a href=\"http:\/\/www.dxpg.at\/senderfotos\/usa\/index.htm\" target=\"_top\" rel=\"noopener noreferrer\">USA<\/a><br \/>\n\u00bb <a href=\"http:\/\/www.dxpg.at\/senderfotos\/vatikan\/index.htm\" target=\"_top\" rel=\"noopener noreferrer\">Vatikanstadt<\/a><br \/>\n\u00bb <a href=\"http:\/\/www.dxpg.at\/senderfotos\/uk\/index.htm\" target=\"_top\" rel=\"noopener noreferrer\">Vereinigtes K\u00f6nigreich<\/a><br \/>\n\u00bb <a href=\"http:\/\/www.dxpg.at\/senderfotos\/zypern\/index.htm\" target=\"_top\" rel=\"noopener noreferrer\">Zypern<\/a><\/p>\n<h3><b>Statistik: Anzahl der Senderfotos pro Land auf DXPG.at<\/b><\/h3>\n<p>(Stand: 05.12.2022)<\/p>\n<p>\u00d6sterreich: 70<br \/>\nAlbanien: 2<br \/>\nArmenien: 1<br \/>\nAruba: 1<br \/>\nAserbaidschan: 1<br \/>\nBelgien: 32<br \/>\nBosnien-Herzegowina: 41<br \/>\nBulgarien: 1<br \/>\nCura\u00e7ao: 2<br \/>\nD\u00e4nemark: 13<br \/>\nDeutschland: 136<br \/>\nEstland: 3<br \/>\nFrankreich: 21<br \/>\nGeorgien: 1<br \/>\nItalien: 109<br \/>\nKanada: 22<br \/>\nKroatien: 152<br \/>\nLettland: 3<br \/>\nLitauen: 1<br \/>\nLuxemburg: 7<br \/>\nMalta: 1<br \/>\nMazedonien: 3<br \/>\nMoldawien: 2<br \/>\nMonaco: 5<br \/>\nMontenegro: 2<br \/>\nNiederlande: 25<br \/>\nPolen: 6<br \/>\nRum\u00e4nien: 2<br \/>\nRussland: 3<br \/>\nSan Marino: 2<br \/>\nSchweden: 2<br \/>\nSchweiz: 3<br \/>\nSerbien: 14<br \/>\nSlowakei: 5<br \/>\nSlowenien: 54<br \/>\nSpanien: 2<br \/>\nTschechien: 11<br \/>\nUkraine: 6<br \/>\nUngarn: 27<br \/>\nUSA: 22<br \/>\nVatikanstadt: 1<br \/>\nZypern: 3<\/p>\n<p><span style=\"text-decoration: underline;\">Gesamt:<\/span> 820 Standorte, 42 L\u00e4nder<\/p>\n","protected":false},"excerpt":{"rendered":"<p>Auf DXPG.at sind Senderfotos von Sendestandorten weltweit zu finden. Die meisten Bilder stammen aus \u00d6sterreich, Deutschland, Slowenien, Kroatien, Bosnien-Herzegowina, Serbien, Italien, aber auch aus anderen europ\u00e4ischen L\u00e4ndern und Nordamerika. Auf den folgenden Seiten sind alle Senderfotos zu finden, unterteilt nach L\u00e4ndern und auf den Unterseiten weiter unterteilt nach Bundesl\u00e4ndern bzw. Provinzen oder Regionen. Hinweis: Die&#8230;<\/p>\n","protected":false},"author":1,"featured_media":0,"parent":0,"menu_order":0,"comment_status":"closed","ping_status":"closed","template":"","meta":{"footnotes":""},"class_list":["post-37","page","type-page","status-publish","hentry"],"_links":{"self":[{"href":"https:\/\/dxpg.at\/index.php?rest_route=\/wp\/v2\/pages\/37","targetHints":{"allow":["GET"]}}],"collection":[{"href":"https:\/\/dxpg.at\/index.php?rest_route=\/wp\/v2\/pages"}],"about":[{"href":"https:\/\/dxpg.at\/index.php?rest_route=\/wp\/v2\/types\/page"}],"author":[{"embeddable":true,"href":"https:\/\/dxpg.at\/index.php?rest_route=\/wp\/v2\/users\/1"}],"replies":[{"embeddable":true,"href":"https:\/\/dxpg.at\/index.php?rest_route=%2Fwp%2Fv2%2Fcomments&post=37"}],"version-history":[{"count":21,"href":"https:\/\/dxpg.at\/index.php?rest_route=\/wp\/v2\/pages\/37\/revisions"}],"predecessor-version":[{"id":650,"href":"https:\/\/dxpg.at\/index.php?rest_route=\/wp\/v2\/pages\/37\/revisions\/650"}],"wp:attachment":[{"href":"https:\/\/dxpg.at\/index.php?rest_route=%2Fwp%2Fv2%2Fmedia&parent=37"}],"curies":[{"name":"wp","href":"https:\/\/api.w.org\/{rel}","templated":true}]}}