{"id":27,"date":"2015-02-14T19:33:51","date_gmt":"2015-02-14T18:33:51","guid":{"rendered":"http:\/\/dxpg.at\/?page_id=27"},"modified":"2024-06-11T10:44:15","modified_gmt":"2024-06-11T09:44:15","slug":"ukwtv-dx-in-graz","status":"publish","type":"page","link":"https:\/\/dxpg.at\/?page_id=27","title":{"rendered":"UKW\/TV-DX in Graz"},"content":{"rendered":"<h3>Lage<\/h3>\n<figure style=\"width: 300px\" class=\"wp-caption alignright\"><img loading=\"lazy\" decoding=\"async\" class=\"\" src=\"http:\/\/www.dxpg.at\/diverse\/graz-stadtpanorama.jpg\" alt=\"\" width=\"300\" height=\"225\" \/><figcaption class=\"wp-caption-text\">Blick \u00fcber Graz vom Schlossberg<\/figcaption><\/figure>\n<p>Mein Standort ist Graz, die zweitgr\u00f6\u00dfte Stadt \u00d6sterreichs im S\u00fcdosten des Landes. Die rund 300.000 Einwohner umfassende Murmetropole liegt zwei Autostunden s\u00fcdlich von Wien bzw. zwei Autostunden n\u00f6rdlich von Zagreb (jeweils 180 km, bzw. 150 km Luftlinie), die slowenische Grenze bei Spielfeld ist nur 35 Minuten (50 km) entfernt. Topographisch gesehen begrenzen die Ausl\u00e4ufer der Alpen die Stadt im Norden und Westen, wohingegen das Gel\u00e4nde in Richtung S\u00fcden und Osten f\u00fcr \u00f6sterreichische Verh\u00e4ltnisse relativ flach ist.<\/p>\n<p>Dementsprechend ist Graz f\u00fcr terrestrischen Fernempfang aus Slowenien und Kroatien stark beg\u00fcnstigt. Ungarn ist zwar empfangbar, jedoch sind die Signale aufgrund einiger H\u00fcgelketten im Osten der Stadt deutlich abgeschw\u00e4cht. Deutschland ist etwas abseits auf der anderen Seite des Alpenhauptkamms gelegen und somit sind auch die UKW-Signale aus dieser Richtung weitgehend abgeschattet.<\/p>\n<h3>Grazer Radiolandschaft<\/h3>\n<p>Die vier \u00f6ffentlich-rechtlichen Hauptprogramme des \u00d6sterreichischen Rundfunks (ORF) werden vom Sender Sch\u00f6ckl n\u00f6rdlich von Graz abgestrahlt. Der Sender hat eine gro\u00dfe Reichweite in Richtung Ost und S\u00fcd und reicht auch in weite Teile Sloweniens und Ungarns. Auch der steirische Privatsender Antenne Steiermark sendet von diesem exponierten Standort. Die \u00fcbrigen Privatsender (kronehit, OE 24, Soundportal, 88.6, Radio Gr\u00fcn-Wei\u00df, Radio Klassik Stephansdom, Radio Maria, VM1, Radio Helsinki) haben ihre Sendeanlagen mit geringerer Strahlungsleistung im Stadtgebiet.<\/p>\n<p>Durch die g\u00fcnstige Lage in Grenzn\u00e4he sind in Graz neben den \u00f6sterreichischen Programmen eine Vielzahl an ausl\u00e4ndischen Stationen empfangbar. Der Pohorje bei Maribor (63 km) ist Ortssender und versorgt die Stadt mit den slowenischen \u00f6ffentlich-rechtlichen Programmen sowie den Privatsendern Radio City und Hitradio Center. Weiters strahlen aus Maribor einige Privatsender in guter Qualit\u00e4t ein. Auch aus Kroatien k\u00f6nnen in der Regel fl\u00e4chendeckend die Programme des HRT geh\u00f6rt werden (Sender Ivan\u0161\u0107ica, 112 km und Zagreb\/Sljeme, 135 km).<\/p>\n<p>Auf Anh\u00f6hen gelingt mit etwas besseren Ger\u00e4ten auch der Empfang aus Ungarn (in der Regel von den Standorten Kabhegy, Hegyh\u00e1ts\u00e1l und Nagykanizsa\/\u00dajudvar), allerdings ist der Empfang im Stadtgebiet aufgrund der Tallage schwierig. Mit besserer Ausr\u00fcstung gelingt auf Anh\u00f6hen auch stellenweise der dauerhafte Empfang von bosnischen und italienischen Stationen.<\/p>\n<p>Eine \u00dcbersicht der Ortssender bietet die Ortssender\u00fcbersicht, f\u00fcr die komplette Auflistung der empfangbaren Stationen habe ich einen <a title=\"Bandscans\" href=\"http:\/\/dxpg.at\/?page_id=20\">Bandscan<\/a> angefertigt, der als Langzeitbeobachtung seit 2003 gedacht ist und laufend aktualisiert wird.<\/p>\n<h3>Interessante Orte zum DXen<\/h3>\n<p>Meine UKW-Empfangsantennen befinden sich etwas s\u00fcdlich der Grazer Altstadt auf den Balkonfl\u00e4chen eines Wohngeb\u00e4udes mit freier Sicht vor allem Richtung S\u00fcdosten.<\/p>\n<p>In Graz finden sich jedoch zahlreiche weitere, teils exponierte Stellen, an denen sich das UKW-DXen lohnt. Dazu z\u00e4hlt der Grazer Schlossberg, insbesondere an der Mauer direkt unter dem Uhrturm mit freier Sicht nach S\u00fcden, sowie in Hanglagen auf westlicher Seite unterhalb des Glockenturms (mittlerweile leider durch Interferenzen der dortigen Sendeanlage nicht mehr empfehlenswert).<\/p>\n<p>Die H\u00fcgelkette im Westen der Stadt bietet auch einige interessante Stellen, wie etwa der F\u00fcrstenstand (751 m), die nach Osten ge\u00f6ffneten H\u00e4nge entlang des Kollerbergs und weiter s\u00fcdlich rund um den Buchkogel. Hier sind teilweise spannende Empf\u00e4nge aus dem Balkan m\u00f6glich.<\/p>\n<p>Auf der Ries im Osten der Stadt hingegen, insbesondere rund um das Sturmkreuz, sind zahlreiche Sender aus S\u00fcdwesten empfangbar, teilweise auch Fadings und Scatter aus Italien. Weiter stadtausw\u00e4rts Richtung Schillingsdorf sind an mehreren Stellen Sender aus der Slowakei empfangbar, bei Tropo ist hier oft auch Tschechien zu h\u00f6ren.<\/p>\n<p>\u00dcber meine Ausr\u00fcstung (<a title=\"Equipment: UKW-Empf\u00e4nger\" href=\"http:\/\/dxpg.at\/?page_id=12\">Ger\u00e4te<\/a> und <a title=\"Equipment: Antennen\" href=\"http:\/\/dxpg.at\/?page_id=16\">Antennen<\/a>) steht in den diesbez\u00fcglichen Seiten n\u00e4heres.<\/p>\n<p>Stand: Juni 2024<\/p>\n","protected":false},"excerpt":{"rendered":"<p>Lage Mein Standort ist Graz, die zweitgr\u00f6\u00dfte Stadt \u00d6sterreichs im S\u00fcdosten des Landes. Die rund 300.000 Einwohner umfassende Murmetropole liegt zwei Autostunden s\u00fcdlich von Wien bzw. zwei Autostunden n\u00f6rdlich von Zagreb (jeweils 180 km, bzw. 150 km Luftlinie), die slowenische Grenze bei Spielfeld ist nur 35 Minuten (50 km) entfernt. Topographisch gesehen begrenzen die Ausl\u00e4ufer&#8230;<\/p>\n","protected":false},"author":1,"featured_media":0,"parent":0,"menu_order":0,"comment_status":"closed","ping_status":"closed","template":"","meta":{"footnotes":""},"class_list":["post-27","page","type-page","status-publish","hentry"],"_links":{"self":[{"href":"https:\/\/dxpg.at\/index.php?rest_route=\/wp\/v2\/pages\/27","targetHints":{"allow":["GET"]}}],"collection":[{"href":"https:\/\/dxpg.at\/index.php?rest_route=\/wp\/v2\/pages"}],"about":[{"href":"https:\/\/dxpg.at\/index.php?rest_route=\/wp\/v2\/types\/page"}],"author":[{"embeddable":true,"href":"https:\/\/dxpg.at\/index.php?rest_route=\/wp\/v2\/users\/1"}],"replies":[{"embeddable":true,"href":"https:\/\/dxpg.at\/index.php?rest_route=%2Fwp%2Fv2%2Fcomments&post=27"}],"version-history":[{"count":5,"href":"https:\/\/dxpg.at\/index.php?rest_route=\/wp\/v2\/pages\/27\/revisions"}],"predecessor-version":[{"id":639,"href":"https:\/\/dxpg.at\/index.php?rest_route=\/wp\/v2\/pages\/27\/revisions\/639"}],"wp:attachment":[{"href":"https:\/\/dxpg.at\/index.php?rest_route=%2Fwp%2Fv2%2Fmedia&parent=27"}],"curies":[{"name":"wp","href":"https:\/\/api.w.org\/{rel}","templated":true}]}}