{"id":247,"date":"2015-03-14T15:28:33","date_gmt":"2015-03-14T14:28:33","guid":{"rendered":"http:\/\/dxpg.at\/?page_id=247"},"modified":"2015-03-14T15:29:47","modified_gmt":"2015-03-14T14:29:47","slug":"bandscan-morgantown-wv-usa","status":"publish","type":"page","link":"https:\/\/dxpg.at\/?page_id=247","title":{"rendered":"Bandscan Morgantown, WV (USA)"},"content":{"rendered":"<p>Der Bandscan wurde mithilfe von FMLIST erstellt. Daher habe ich mich aus technischen Gr\u00fcnden entschlossen, eine simple Bilddatei mit einem Screenshot des Bandscans hier zu ver\u00f6ffentlichen, da die Konvertierung der Ansicht von FMLIST auf das Layout dieser Webseite sehr umst\u00e4ndlich ist.<\/p>\n<p><img loading=\"lazy\" decoding=\"async\" class=\"alignnone\" src=\"http:\/\/dxpg.at\/morgantown\/bandscan.gif\" alt=\"\" width=\"604\" height=\"1689\" \/><\/p>\n","protected":false},"excerpt":{"rendered":"<p>Der Bandscan wurde mithilfe von FMLIST erstellt. Daher habe ich mich aus technischen Gr\u00fcnden entschlossen, eine simple Bilddatei mit einem Screenshot des Bandscans hier zu ver\u00f6ffentlichen, da die Konvertierung der Ansicht von FMLIST auf das Layout dieser Webseite sehr umst\u00e4ndlich ist.<\/p>\n","protected":false},"author":1,"featured_media":0,"parent":20,"menu_order":0,"comment_status":"closed","ping_status":"open","template":"","meta":{"footnotes":""},"class_list":["post-247","page","type-page","status-publish","hentry"],"_links":{"self":[{"href":"https:\/\/dxpg.at\/index.php?rest_route=\/wp\/v2\/pages\/247","targetHints":{"allow":["GET"]}}],"collection":[{"href":"https:\/\/dxpg.at\/index.php?rest_route=\/wp\/v2\/pages"}],"about":[{"href":"https:\/\/dxpg.at\/index.php?rest_route=\/wp\/v2\/types\/page"}],"author":[{"embeddable":true,"href":"https:\/\/dxpg.at\/index.php?rest_route=\/wp\/v2\/users\/1"}],"replies":[{"embeddable":true,"href":"https:\/\/dxpg.at\/index.php?rest_route=%2Fwp%2Fv2%2Fcomments&post=247"}],"version-history":[{"count":3,"href":"https:\/\/dxpg.at\/index.php?rest_route=\/wp\/v2\/pages\/247\/revisions"}],"predecessor-version":[{"id":251,"href":"https:\/\/dxpg.at\/index.php?rest_route=\/wp\/v2\/pages\/247\/revisions\/251"}],"up":[{"embeddable":true,"href":"https:\/\/dxpg.at\/index.php?rest_route=\/wp\/v2\/pages\/20"}],"wp:attachment":[{"href":"https:\/\/dxpg.at\/index.php?rest_route=%2Fwp%2Fv2%2Fmedia&parent=247"}],"curies":[{"name":"wp","href":"https:\/\/api.w.org\/{rel}","templated":true}]}}