{"id":229,"date":"2015-03-14T12:48:15","date_gmt":"2015-03-14T11:48:15","guid":{"rendered":"http:\/\/dxpg.at\/?page_id=229"},"modified":"2015-03-14T14:55:47","modified_gmt":"2015-03-14T13:55:47","slug":"analog-tv-in-graz-2006","status":"publish","type":"page","link":"https:\/\/dxpg.at\/?page_id=229","title":{"rendered":"Analog-TV in Graz 2006"},"content":{"rendered":"<p align=\"left\">Die nachfolgenden Empf\u00e4nge basieren auf dem Stand vom 24.02.2006, als in Graz noch kein regul\u00e4res DVB-T ausgestrahlt wurde und s\u00e4mtliche terrestrischen Programme analog gesendet wurden.<\/p>\n<p align=\"left\">Dennoch ist es interessant, die damals bestehende Empfangssituation zu konservieren, um einen Vergleich zu DVB-T herstellen zu k\u00f6nnen. Heute sind z.B. die kroatischen DVB-T-Bouquets nur noch in exponierter Lage (auf Anh\u00f6hen oder in Geb\u00e4uden mit freier Sicht nach S\u00fcdosten) empfangbar, w\u00e4hrend damals analoges Fernsehen aus Kroatien selbst auf Stra\u00dfenniveau zumindest angerauscht empfangbar war.<\/p>\n<h3 align=\"left\">Equipment<\/h3>\n<p align=\"left\">Die nachfolgenden Sender wurden im Stadtgebiet auf Stra\u00dfenniveau indoor mit einem herk\u00f6mmlichen PHILIPS TV-Ger\u00e4t (70 cm Bildschirmdiagonale), sowie mit einer Zimmerantenne (bis zu 36 dB Verst\u00e4rkung) empfangen. Bei h\u00f6herem Antennenaufwand (Dachantenne) oder exponierter Lage war wesentlich mehr empfangbar. <span style=\"font-family: Verdana;\"><br \/>\n<\/span><\/p>\n<figure style=\"width: 300px\" class=\"wp-caption alignright\"><img loading=\"lazy\" decoding=\"async\" class=\"\" src=\"http:\/\/dxpg.at\/tvdx\/analogtv-zimmerantenne.jpg\" alt=\"\" width=\"300\" height=\"452\" \/><figcaption class=\"wp-caption-text\">Analog-TV in Graz 2006<\/figcaption><\/figure>\n<h4 align=\"left\">Ortssenderst\u00e4rke (O=5) hatten:<\/h4>\n<p>K 7 ORF 1 (Graz 1\/Sch\u00f6ckl, 100 kW)<br \/>\nK 23 ORF 2 (Graz 1\/Sch\u00f6ckl, 800 kW)<br \/>\nK 26 ATVplus (Graz 1\/Sch\u00f6ckl, 794 kW)<\/p>\n<h4 align=\"left\">Gutes Farbbild und Stereo, tw. auch Teletext (O=4) hatten:<\/h4>\n<p align=\"left\">K 49 TV SLO 2 (Plesivec, 400 kW)<br \/>\nK 50 ORF 1 (Graz 2\/St. Johann und Paul, 0,6 kW)<br \/>\nK 56 TV SLO 2 (Maribor 1\/Pohorje, 800 kW)<br \/>\nK 58 ORF 2 (Graz 2\/St. Johann und Paul, 0,6 kW)<br \/>\nK 59 POP TV (Maribor 1\/Pohorje, 1000 kW)<\/p>\n<h4 align=\"left\">Tw. Farbbild, jedoch angerauscht, Mono (O=3) hatten:<\/h4>\n<p align=\"left\">K 25 RTL Televizija (Zagreb\/Sljeme, 1000 kW)<br \/>\nK 51 ORF 2 (Deutschlandsberg, 6 kW)<br \/>\nK 52 VTV (Plesivec)<br \/>\nK 61 ORF 1 (Deutschlandsberg, 6 kW)<\/p>\n<h4 align=\"left\">Schlechtes s\/w-Bild (O=2) hatten:<\/h4>\n<p align=\"left\">K 11 TV SLO 1 (Plesivec, 30 kW)<br \/>\nK 28 HRT 2 (Zagreb\/Sljeme, 1000 kW)<\/p>\n<h3 align=\"left\">Screenshots<\/h3>\n<p align=\"left\">Zum Vergr\u00f6\u00dfern auf das Bild klicken!<\/p>\n<p align=\"left\"><a href=\"http:\/\/dxpg.at\/tvdx\/poptv-screen-gr.jpg\"> <img loading=\"lazy\" decoding=\"async\" src=\"http:\/\/dxpg.at\/tvdx\/poptv-screen-kl.jpg\" alt=\"\" width=\"300\" height=\"228\" border=\"0\" \/><\/a> <img loading=\"lazy\" decoding=\"async\" src=\"http:\/\/dxpg.at\/tvdx\/poptv-txt.jpg\" alt=\"\" width=\"300\" height=\"247\" border=\"0\" \/><br \/>\nK 59 &#8211; <a href=\"http:\/\/www.rtvslo.si\/\">POP TV<\/a> (Maribor 1\/Pohorje, 62 km)<\/p>\n<p align=\"left\"><a href=\"http:\/\/dxpg.at\/tvdx\/slo2ch56-gr.jpg\"> <img loading=\"lazy\" decoding=\"async\" src=\"http:\/\/dxpg.at\/tvdx\/slo2ch56-kl.jpg\" alt=\"\" width=\"300\" height=\"220\" border=\"0\" \/><\/a> <img loading=\"lazy\" decoding=\"async\" src=\"http:\/\/dxpg.at\/tvdx\/slo2-txt.jpg\" alt=\"\" width=\"300\" height=\"247\" border=\"0\" \/><br \/>\nK 56 &#8211; TV SLO 2 (Maribor 1\/Pohorje, 62 km)<\/p>\n<p align=\"left\"><a href=\"http:\/\/dxpg.at\/tvdx\/rtltelevizija-screen-gr.jpg\"> <img loading=\"lazy\" decoding=\"async\" src=\"http:\/\/dxpg.at\/tvdx\/rtltelevizija-screen-kl.jpg\" alt=\"\" width=\"300\" height=\"220\" border=\"0\" \/><\/a><br \/>\nK 25 &#8211; RTL Televizija (Zagreb\/Sljeme, 134 km)<\/p>\n<p align=\"left\"><a href=\"http:\/\/dxpg.at\/tvdx\/slo1ch06-gr.jpg\"> <img loading=\"lazy\" decoding=\"async\" src=\"http:\/\/dxpg.at\/tvdx\/slo1ch06-kl.jpg\" alt=\"\" width=\"300\" height=\"220\" border=\"0\" \/><\/a><br \/>\nK 06 &#8211; TV SLO 1 (Maribor 1\/Pohorje, 62 km)<\/p>\n","protected":false},"excerpt":{"rendered":"<p>Die nachfolgenden Empf\u00e4nge basieren auf dem Stand vom 24.02.2006, als in Graz noch kein regul\u00e4res DVB-T ausgestrahlt wurde und s\u00e4mtliche terrestrischen Programme analog gesendet wurden. Dennoch ist es interessant, die damals bestehende Empfangssituation zu konservieren, um einen Vergleich zu DVB-T herstellen zu k\u00f6nnen. Heute sind z.B. die kroatischen DVB-T-Bouquets nur noch in exponierter Lage (auf&#8230;<\/p>\n","protected":false},"author":1,"featured_media":0,"parent":27,"menu_order":4,"comment_status":"closed","ping_status":"open","template":"","meta":{"footnotes":""},"class_list":["post-229","page","type-page","status-publish","hentry"],"_links":{"self":[{"href":"https:\/\/dxpg.at\/index.php?rest_route=\/wp\/v2\/pages\/229","targetHints":{"allow":["GET"]}}],"collection":[{"href":"https:\/\/dxpg.at\/index.php?rest_route=\/wp\/v2\/pages"}],"about":[{"href":"https:\/\/dxpg.at\/index.php?rest_route=\/wp\/v2\/types\/page"}],"author":[{"embeddable":true,"href":"https:\/\/dxpg.at\/index.php?rest_route=\/wp\/v2\/users\/1"}],"replies":[{"embeddable":true,"href":"https:\/\/dxpg.at\/index.php?rest_route=%2Fwp%2Fv2%2Fcomments&post=229"}],"version-history":[{"count":3,"href":"https:\/\/dxpg.at\/index.php?rest_route=\/wp\/v2\/pages\/229\/revisions"}],"predecessor-version":[{"id":232,"href":"https:\/\/dxpg.at\/index.php?rest_route=\/wp\/v2\/pages\/229\/revisions\/232"}],"up":[{"embeddable":true,"href":"https:\/\/dxpg.at\/index.php?rest_route=\/wp\/v2\/pages\/27"}],"wp:attachment":[{"href":"https:\/\/dxpg.at\/index.php?rest_route=%2Fwp%2Fv2%2Fmedia&parent=229"}],"curies":[{"name":"wp","href":"https:\/\/api.w.org\/{rel}","templated":true}]}}