{"id":20,"date":"2015-02-14T18:50:46","date_gmt":"2015-02-14T17:50:46","guid":{"rendered":"http:\/\/dxpg.at\/wordpress\/?page_id=20"},"modified":"2026-04-21T14:39:59","modified_gmt":"2026-04-21T13:39:59","slug":"bandscans","status":"publish","type":"page","link":"https:\/\/dxpg.at\/?page_id=20","title":{"rendered":"Bandscans"},"content":{"rendered":"<h3>Allgemeines<\/h3>\n<p>Im Lauf der Jahre habe ich in verschiedenen L\u00e4ndern Bandscans angefertigt, die einen Einblick in das \u00f6rtliche UKW\/TV-Band geben sollen. Einige davon sind ausf\u00fchrlicher, mit h\u00f6herem Equipment, andere nur eine \u00dcbersicht der Ortssender im jeweiligen Ort.<\/p>\n<p>Zu beachten ist auf jeden Fall, dass Bandscans nur den Zustand zu einem bestimmten Zeitpunkt widerspiegeln, da sich das UKW\/TV-Band \u00fcber die Jahre nat\u00fcrlich laufend \u00e4ndert.<\/p>\n<p>Der Bandscan meiner Heimatstadt Graz ist sicherlich der ausf\u00fchrlichste und genaueste. Die Empfangswerte entsprechen jenen, die ich mit meinen Yagi-Antennen an meinem Standort erzielen kann und weichen m\u00f6glicherweise innerhalb des Stadtgebiets etwas ab. Jeder Log wurde \u00fcber Jahre hinweg mehrfach \u00fcberpr\u00fcft und verifiziert.<\/p>\n<p>Die nachfolgende Liste enth\u00e4lt ausschlie\u00dflich Bandscans, die von mir pers\u00f6nlich erstellt wurden.<\/p>\n<p>Diese Liste wird fortlaufend \u00fcberarbeitet und erg\u00e4nzt. Es ist geplant, noch weitere Bandscans aus meinem Archiv der letzten Jahre aufzubereiten und hier zu ver\u00f6ffentlichen.<\/p>\n<h3>Bandscan-\u00dcbersicht<\/h3>\n<h4>\u00d6sterreich (AUT)<\/h4>\n<p><a href=\"https:\/\/dxpg.at\/?p=685\">Graz<\/a> &#8211; mit Video (2013-2025, wird regelm\u00e4\u00dfig aktualisiert)<\/p>\n<p><a href=\"https:\/\/dxpg.at\/?p=818\">F\u00fcrstenfeld<\/a> &#8211; mit Video (2025)<\/p>\n<p><a href=\"https:\/\/dxpg.at\/?p=825\">Knittelfeld<\/a> &#8211; mit Video (2025)<\/p>\n<p><a href=\"https:\/\/dxpg.at\/?p=830\">Leoben<\/a>\u00a0&#8211; (2025)<\/p>\n<p><a href=\"https:\/\/dxpg.at\/?p=837\">Liezen<\/a> &#8211; mit Video (2026)<\/p>\n<h4>Estland (EST)<\/h4>\n<p><a href=\"https:\/\/dxpg.at\/?p=749\">Tapa<\/a> &#8211; mit Video (2025, wird regelm\u00e4\u00dfig aktualisiert)<\/p>\n<p><a href=\"https:\/\/dxpg.at\/?p=794\">Tallinn<\/a> (2025)<\/p>\n<p><a href=\"https:\/\/dxpg.at\/?p=755\">Tartu<\/a> &#8211; mit Video (2025)<\/p>\n<p><a href=\"http:\/\/dxpg.at\/wordpress\/wp-content\/uploads\/2025\/08\/IMG_20250210_181226-scaled.jpg\"><img loading=\"lazy\" decoding=\"async\" class=\"alignright wp-image-785 size-medium\" src=\"http:\/\/dxpg.at\/wordpress\/wp-content\/uploads\/2025\/08\/IMG_20250210_181226-300x225.jpg\" alt=\"\" width=\"300\" height=\"225\" srcset=\"https:\/\/dxpg.at\/wordpress\/wp-content\/uploads\/2025\/08\/IMG_20250210_181226-300x225.jpg 300w, https:\/\/dxpg.at\/wordpress\/wp-content\/uploads\/2025\/08\/IMG_20250210_181226-1280x960.jpg 1280w, https:\/\/dxpg.at\/wordpress\/wp-content\/uploads\/2025\/08\/IMG_20250210_181226-768x576.jpg 768w, https:\/\/dxpg.at\/wordpress\/wp-content\/uploads\/2025\/08\/IMG_20250210_181226-1536x1152.jpg 1536w, https:\/\/dxpg.at\/wordpress\/wp-content\/uploads\/2025\/08\/IMG_20250210_181226-2048x1536.jpg 2048w, https:\/\/dxpg.at\/wordpress\/wp-content\/uploads\/2025\/08\/IMG_20250210_181226-850x638.jpg 850w\" sizes=\"auto, (max-width: 300px) 100vw, 300px\" \/><\/a><\/p>\n<h4>Slowenien (SVN)<\/h4>\n<p><a href=\"https:\/\/dxpg.at\/?p=845\">Maribor<\/a> &#8211; mit Video (2024)<\/p>\n<h4>Jordanien (JOR)<\/h4>\n<p><a href=\"https:\/\/dxpg.at\/?p=803\">Amman<\/a>\u00a0&#8211; mit Video (2025)<\/p>\n<p><a href=\"https:\/\/dxpg.at\/?p=775\">Aqaba<\/a> &#8211; mit Video (2025)<\/p>\n<p><a href=\"https:\/\/dxpg.at\/?p=779\">Wadi Musa<\/a> &#8211; mit Video (2025)<\/p>\n<p>&nbsp;<\/p>\n<h3>\u00c4ltere Bandscans aus dem Archiv<\/h3>\n<h4>\u00d6sterreich (AUT)<\/h4>\n<p><a href=\"https:\/\/dxpg.at\/?p=807\">Graz<\/a> FM (2004) &#8211; Daten neu aufbereitet<\/p>\n<p><a href=\"https:\/\/dxpg.at\/?p=765\">Graz<\/a> LW\/NDB\/MW 153-1710 kHz (2014)<\/p>\n<h4>Italien (I)<\/h4>\n<p><a href=\"https:\/\/dxpg.at\/?p=768\">Bordighera<\/a> (IM) (2019)<\/p>\n<h3>Video-Bandscans<\/h3>\n<p>Zahlreiche Video-Bandscans aus verschiedenen L\u00e4ndern sind auf meinem YouTube-Kanal <a href=\"https:\/\/www.youtube.com\/@DXPG\">DXPG<\/a> zu finden.<\/p>\n","protected":false},"excerpt":{"rendered":"<p>Allgemeines Im Lauf der Jahre habe ich in verschiedenen L\u00e4ndern Bandscans angefertigt, die einen Einblick in das \u00f6rtliche UKW\/TV-Band geben sollen. Einige davon sind ausf\u00fchrlicher, mit h\u00f6herem Equipment, andere nur eine \u00dcbersicht der Ortssender im jeweiligen Ort. Zu beachten ist auf jeden Fall, dass Bandscans nur den Zustand zu einem bestimmten Zeitpunkt widerspiegeln, da sich&#8230;<\/p>\n","protected":false},"author":1,"featured_media":0,"parent":0,"menu_order":0,"comment_status":"closed","ping_status":"closed","template":"","meta":{"footnotes":""},"class_list":["post-20","page","type-page","status-publish","hentry"],"_links":{"self":[{"href":"https:\/\/dxpg.at\/index.php?rest_route=\/wp\/v2\/pages\/20","targetHints":{"allow":["GET"]}}],"collection":[{"href":"https:\/\/dxpg.at\/index.php?rest_route=\/wp\/v2\/pages"}],"about":[{"href":"https:\/\/dxpg.at\/index.php?rest_route=\/wp\/v2\/types\/page"}],"author":[{"embeddable":true,"href":"https:\/\/dxpg.at\/index.php?rest_route=\/wp\/v2\/users\/1"}],"replies":[{"embeddable":true,"href":"https:\/\/dxpg.at\/index.php?rest_route=%2Fwp%2Fv2%2Fcomments&post=20"}],"version-history":[{"count":24,"href":"https:\/\/dxpg.at\/index.php?rest_route=\/wp\/v2\/pages\/20\/revisions"}],"predecessor-version":[{"id":847,"href":"https:\/\/dxpg.at\/index.php?rest_route=\/wp\/v2\/pages\/20\/revisions\/847"}],"wp:attachment":[{"href":"https:\/\/dxpg.at\/index.php?rest_route=%2Fwp%2Fv2%2Fmedia&parent=20"}],"curies":[{"name":"wp","href":"https:\/\/api.w.org\/{rel}","templated":true}]}}