{"id":16,"date":"2015-02-14T19:30:57","date_gmt":"2015-02-14T17:30:57","guid":{"rendered":"http:\/\/dxpg.at\/wordpress\/?page_id=16"},"modified":"2024-10-16T13:42:19","modified_gmt":"2024-10-16T12:42:19","slug":"equipment-antennen","status":"publish","type":"page","link":"https:\/\/dxpg.at\/?page_id=16","title":{"rendered":"Equipment: Antennen"},"content":{"rendered":"<p>Die folgenden Antennen verwende ich an meinem DX-Standort bzw. auch im Mobileinsatz:<\/p>\n<h3>9-Element Yagi-Antenne nach Spindler<\/h3>\n<p align=\"left\">Diese 9-Element UKW-Yagi-Antenne ist ein Eigenbau (ausf\u00fchrliche Bauanleitung mit Datenblatt siehe <a href=\"https:\/\/dxpg.at\/?page_id=75\">Anleitung UKW-Yagi<\/a>) nach Vorbild Spindler.<\/p>\n<p align=\"left\">Diese Antenne ich in vertikaler Polarisation dauerhaft Richtung S\u00fcdosten (150\u00b0) installiert, d.h. \u00f6stliches Slowenien, Norden von Kroatien. Bei Tropo-\u00dcberreichweiten gelingen zahlreiche Empf\u00e4nge aus S\u00fcdosten, der an meinem Standort aufgrund der topographischen Begebenheiten am besten geeigneten Richtung.<\/p>\n<p align=\"left\"><img loading=\"lazy\" decoding=\"async\" class=\"aligncenter size-full wp-image-705\" src=\"http:\/\/dxpg.at\/wordpress\/wp-content\/uploads\/2024\/10\/9-element-spindler-1200.jpg\" alt=\"\" width=\"1200\" height=\"900\" srcset=\"https:\/\/dxpg.at\/wordpress\/wp-content\/uploads\/2024\/10\/9-element-spindler-1200.jpg 1200w, https:\/\/dxpg.at\/wordpress\/wp-content\/uploads\/2024\/10\/9-element-spindler-1200-300x225.jpg 300w, https:\/\/dxpg.at\/wordpress\/wp-content\/uploads\/2024\/10\/9-element-spindler-1200-768x576.jpg 768w, https:\/\/dxpg.at\/wordpress\/wp-content\/uploads\/2024\/10\/9-element-spindler-1200-850x638.jpg 850w\" sizes=\"auto, (max-width: 1200px) 100vw, 1200px\" \/><\/p>\n<h3>9-Element Yagi-Antenne von Antennenland<\/h3>\n<p align=\"left\">Die 9-Element UKW-Yagi-Antenne vom deutschen Hersteller &#8222;Antennenland&#8220; verwende ich auf meinem nach Westen ge\u00f6ffneten zweiten Balkon, meist in horizontaler Polarisation. Je nach Interesse l\u00e4sst sich die Antenne in verschiedene Richtungen drehen.<\/p>\n<p align=\"left\"><img loading=\"lazy\" decoding=\"async\" class=\"aligncenter size-full wp-image-703\" src=\"http:\/\/dxpg.at\/wordpress\/wp-content\/uploads\/2024\/10\/9-element-antennenland-1200.jpg\" alt=\"\" width=\"1200\" height=\"900\" srcset=\"https:\/\/dxpg.at\/wordpress\/wp-content\/uploads\/2024\/10\/9-element-antennenland-1200.jpg 1200w, https:\/\/dxpg.at\/wordpress\/wp-content\/uploads\/2024\/10\/9-element-antennenland-1200-300x225.jpg 300w, https:\/\/dxpg.at\/wordpress\/wp-content\/uploads\/2024\/10\/9-element-antennenland-1200-768x576.jpg 768w, https:\/\/dxpg.at\/wordpress\/wp-content\/uploads\/2024\/10\/9-element-antennenland-1200-850x638.jpg 850w\" sizes=\"auto, (max-width: 1200px) 100vw, 1200px\" \/><\/p>\n<h3>S-Dipol<\/h3>\n<p>F\u00fcr mobile Eins\u00e4tze bzw. als kleiner dimensionierte Kompromissl\u00f6sung an einem anderen Standort verwende ich einen S-Dipol der tschechischen Firma DX COM s.r.o., den <a href=\"https:\/\/www.dxc.cz\/eshop\/antena-vaten-1fm-h-v\/\">VATEN 1FM H\/V<\/a>. Dieser erzielt f\u00fcr seine Abmessungen erstaunlich gute Ergebnisse und ist vor allem gemeinsam mit einem TEF6686-Empf\u00e4nger f\u00fcr jeden Standort, wo die Anbringung einer Yagi-Antenne nicht machbar oder gew\u00fcnscht ist, w\u00e4rmstens zu empfehlen.<\/p>\n<h3>Antennenkabel<\/h3>\n<p>Als Antennenkabel empfehle ich qualitativ hochwertiges und mehrfach geschirmtes Koaxialkabel. An meinem DX-Standort wird 5-fach geschirmtes &#8222;High-End 125dB Sat-Kabel&#8220; von der Firma Pollin verwendet, welches mittlerweile leider nicht mehr verf\u00fcgbar ist. Dieses Kabel hat sich f\u00fcr mich pers\u00f6nlich \u00fcber die vielen Jahre vom Preis-Leistungsverh\u00e4ltnis am Besten erwiesen. Das Kabel hat einen Durchmesser von 8mm, ist also etwas dicker, aber die D\u00e4mpfungswerte lassen sich wirklich sehen, und man wird mit dem Ergebnis eine helle Freude haben, im Vergleich zu Baumarkt-Sat-Kabel!<\/p>\n<h3>Stecker und Anschl\u00fcsse<\/h3>\n<p>Als Anschl\u00fcsse f\u00fcr die Antennen empfehle ich F-Stecker, einfach weil sie so praktisch sind. F\u00fcr Empf\u00e4nger mit Koaxialeing\u00e4ngen gibt es ja F-Buchse-auf-Koaxial-Adapter. Koaxialstecker sind meiner Ansicht nach immer eine sehr instabile Sache, bei gut montierten F-Steckern kann nichts so schnell abrei\u00dfen. Meine SONY Empf\u00e4nger haben ohnehin F-Buchsen als Antenneneingang, also erspare ich mir gleich den Adapter.<\/p>\n<p>Stand: Oktober 2024<\/p>\n","protected":false},"excerpt":{"rendered":"<p>Die folgenden Antennen verwende ich an meinem DX-Standort bzw. auch im Mobileinsatz: 9-Element Yagi-Antenne nach Spindler Diese 9-Element UKW-Yagi-Antenne ist ein Eigenbau (ausf\u00fchrliche Bauanleitung mit Datenblatt siehe Anleitung UKW-Yagi) nach Vorbild Spindler. Diese Antenne ich in vertikaler Polarisation dauerhaft Richtung S\u00fcdosten (150\u00b0) installiert, d.h. \u00f6stliches Slowenien, Norden von Kroatien. Bei Tropo-\u00dcberreichweiten gelingen zahlreiche Empf\u00e4nge aus&#8230;<\/p>\n","protected":false},"author":1,"featured_media":0,"parent":2,"menu_order":2,"comment_status":"closed","ping_status":"closed","template":"","meta":{"footnotes":""},"class_list":["post-16","page","type-page","status-publish","hentry"],"_links":{"self":[{"href":"https:\/\/dxpg.at\/index.php?rest_route=\/wp\/v2\/pages\/16","targetHints":{"allow":["GET"]}}],"collection":[{"href":"https:\/\/dxpg.at\/index.php?rest_route=\/wp\/v2\/pages"}],"about":[{"href":"https:\/\/dxpg.at\/index.php?rest_route=\/wp\/v2\/types\/page"}],"author":[{"embeddable":true,"href":"https:\/\/dxpg.at\/index.php?rest_route=\/wp\/v2\/users\/1"}],"replies":[{"embeddable":true,"href":"https:\/\/dxpg.at\/index.php?rest_route=%2Fwp%2Fv2%2Fcomments&post=16"}],"version-history":[{"count":3,"href":"https:\/\/dxpg.at\/index.php?rest_route=\/wp\/v2\/pages\/16\/revisions"}],"predecessor-version":[{"id":706,"href":"https:\/\/dxpg.at\/index.php?rest_route=\/wp\/v2\/pages\/16\/revisions\/706"}],"up":[{"embeddable":true,"href":"https:\/\/dxpg.at\/index.php?rest_route=\/wp\/v2\/pages\/2"}],"wp:attachment":[{"href":"https:\/\/dxpg.at\/index.php?rest_route=%2Fwp%2Fv2%2Fmedia&parent=16"}],"curies":[{"name":"wp","href":"https:\/\/api.w.org\/{rel}","templated":true}]}}