{"id":12,"date":"2015-02-13T20:48:37","date_gmt":"2015-02-13T18:48:37","guid":{"rendered":"http:\/\/dxpg.at\/wordpress\/?page_id=12"},"modified":"2024-10-16T13:44:38","modified_gmt":"2024-10-16T12:44:38","slug":"equipment-ukw-empfaenger","status":"publish","type":"page","link":"https:\/\/dxpg.at\/?page_id=12","title":{"rendered":"Equipment: UKW-Empf\u00e4nger"},"content":{"rendered":"<p align=\"left\">Hinweis: Inhalt veraltet, Stand 2014. Diese Seite wird demn\u00e4chst \u00fcberarbeitet.<\/p>\n<p align=\"left\"><strong>SONY XDR-S3HD<\/strong><\/p>\n<p align=\"left\">Der Sony XDR-S3HD (bzw. baugleicher Tuner wie XDR-F1HD und XDR-S10HDiP) ist mittlerweile ein absolutes Referenzger\u00e4t und darf in keinem DXer-Haushalt fehlen. Dank DSP-Filter verf\u00fcgt dieses Ger\u00e4t \u00fcber hohe Trennsch\u00e4rfe und ist \u00e4u\u00dferst empfindlich. Ebenso ist der Sony kaum \u00fcbersteuerungsanf\u00e4llig: bei starken Signalen regelt der Tuner automatisch die Empfindlichkeit herunter und erlaubt so sogar in der N\u00e4he von Grundnetzsendern Fernempf\u00e4nge.<\/p>\n<p align=\"left\">Das Ger\u00e4t hat einen Line-In Anschluss. Mittelwellenempfang ist m\u00f6glich, jedoch im amerikanischen 10 kHz Raster, und somit in Europa nicht sehr vorteilhaft. Dem Ger\u00e4t liegt im Lieferumfang eine Rahmenantenne bei.<\/p>\n<p align=\"left\">Es werden RDS-PS und Radiotext unterst\u00fctzt. Weiters ist das Ger\u00e4t HD-Radio-tauglich, was jedoch in Europa nicht verwendet wird. In den USA kann man mit diesem Ger\u00e4t HD-Radio empfangen, sowohl auf UKW als auch auf MW.<\/p>\n<p align=\"left\">Dieser Empf\u00e4nger wurde leider nur im nordamerikanischen Markt vertrieben und ist mittlerweile vergriffen. Der Neupreis lag bei etwa $149 (= ca. \u20ac 105,&#8211;). Das 110 Volt-Netzteil muss mithilfe eines Spannungswandlers f\u00fcr europ\u00e4ische Steckdosen auf die hier \u00fcbliche, h\u00f6here Spannung (220 Volt) umgewandelt werden. Derartige Spannungswandler (empfohlen ab 200 Watt) sind g\u00fcnstig (rund \u20ac 10,&#8211;) hierzulande erh\u00e4ltlich.<\/p>\n<p align=\"left\"><img decoding=\"async\" src=\"http:\/\/dxpg.at\/equipment\/sonys3hd.jpg\" alt=\"\" border=\"0\" \/><\/p>\n<p align=\"left\"><strong>SONY XDR-S10HDiP<\/strong><\/p>\n<p align=\"left\">Ebenso besitze ich den zum XDR-S3HD baugleichen Tuner Sony XDR-S10HDiP, der zus\u00e4tzlich zu den Funktionen des XDR-S3HD einen iPod\/iPhone-Aufsatz hat. Au\u00dferdem ist das Ger\u00e4t optisch anders konzipiert. Alle anderen Eigenschaften sind mit dem XDR-S3HD identisch. Der Neupreis dieses Ger\u00e4ts lag bei $199 (ca. \u20ac 140,&#8211;), jedoch ist auch dieses Ger\u00e4t mittlerweile vergriffen.<\/p>\n<p align=\"left\"><img decoding=\"async\" src=\"http:\/\/dxpg.at\/equipment\/sonys10hdip.jpg\" alt=\"\" border=\"0\" \/><\/p>\n<p align=\"left\"><strong>DEGEN DE1103<\/strong><\/p>\n<p align=\"left\">Der DE1103 ist mein empfangsst\u00e4rkster, mobiltauglicher Weltempf\u00e4nger. Ich habe ihn aus China importieren lassen, der Neupreis lag bei nur rund \u20ac 45,&#8211;.<\/p>\n<p align=\"left\">Der DE1103 hat eine recht gute Gro\u00dfsignalfestigkeit, kann jedoch mit dem Blaupunkt Autoradio und den SONY-Ger\u00e4ten nicht mithalten. Bei starken Signalen geht das Ger\u00e4t sehr schnell in die Knie. Dennoch gelingen mit eingezogener Antenne selbst in Sendern\u00e4he noch Fernempf\u00e4nge.<\/p>\n<p align=\"left\">Der Lautsprecher ist mono, man kann aber Stereo-Kopfh\u00f6rer anstecken. Die Funktion kann auch deaktiviert werden. Das Ger\u00e4t verf\u00fcgt \u00fcber 256 Speicher, die in 16 Bl\u00f6cken eingeteilt sind. Die Bedienung des Ger\u00e4ts ist etwas kompliziert, jedoch gew\u00f6hnt man sich nach gewisser Zeit an den chinesischen Empf\u00e4nger.<\/p>\n<p align=\"left\">Ich lie\u00df folgende Modifikation vornehmen: IC-Sockel eingel\u00f6tet zum raschen Filtertausch (ich habe derzeit 56 kHz drinnen)<\/p>\n<p align=\"left\">Technische Daten:<br \/>\nFM: 76-108 MHz<br \/>\nLW: 100-519 kHz<br \/>\nMW: 520-1710 kHz<br \/>\nSW: 1711-29999 kHz<br \/>\nAbmessungen: 165x105x29 mm<br \/>\nL\u00e4nge der Teleskopantenne: 80 cm (7 Glieder)<\/p>\n<p align=\"left\"><img loading=\"lazy\" decoding=\"async\" src=\"http:\/\/dxpg.at\/equipment\/degen1.jpg\" alt=\"\" width=\"600\" height=\"360\" border=\"0\" \/><\/p>\n<p align=\"left\"><strong>SANGEAN ATS 909 W<\/strong><\/p>\n<p align=\"left\">Der Sangean ATS 909 W war im Jahr 2003 mein erster Weltempf\u00e4nger und ist nach wie vor im Betrieb. Das Ger\u00e4t kostete damals neu rund \u20ac 199,&#8211;, ist nach wie vor, wenn auch etwas g\u00fcnstiger, erh\u00e4ltlich.<\/p>\n<p align=\"left\">Das Ger\u00e4t hat werksm\u00e4\u00dfig sehr breite Filter (230 kHz) und es fehlen einige wichtige Funktionen, die man als DXer braucht. Daher habe ich folgende Modifikationen vornehmen lassen:<br \/>\n&#8211; IC-Sockel eingel\u00f6tet zum raschen Filtertausch (ich habe derzeit 110 kHz-Filter drinnen)<br \/>\n&#8211; RDS-PI-Chip eingel\u00f6tet<br \/>\n&#8211; Externer UKW-Antenneneingang zum Anschluss einer Yagi-Antenne<br \/>\n&#8211; OIRT-Band (76 &#8211; 87,5 MHz) freigeschalten<\/p>\n<p align=\"left\">Leider ist der Sangean sehr \u00fcbersteuerungsanf\u00e4llig und geht bei starken Signalen schnell in die Knie. Dennoch ist er nach den vielen Jahren immer noch bei den meisten DX-Touren dabei, da er dank Modifikation einen RDS-PI-Chip hat und somit wichtige Daten anzeigen kann. Ebenso ist der Sangean immer sehr praktisch, um schnell \u00fcber das Band zu scannen und sich in unbekannten Orten ein Bild der Radioszene zu machen. Der Empf\u00e4nger punktet im Gegensatz zum Degen DE1103 mit einer achtstufigen Signalanzeige und RDS.<\/p>\n<p align=\"left\"><img loading=\"lazy\" decoding=\"async\" src=\"http:\/\/dxpg.at\/equipment\/sangean.jpg\" alt=\"\" width=\"600\" height=\"360\" border=\"0\" \/><\/p>\n","protected":false},"excerpt":{"rendered":"<p>Hinweis: Inhalt veraltet, Stand 2014. Diese Seite wird demn\u00e4chst \u00fcberarbeitet. SONY XDR-S3HD Der Sony XDR-S3HD (bzw. baugleicher Tuner wie XDR-F1HD und XDR-S10HDiP) ist mittlerweile ein absolutes Referenzger\u00e4t und darf in keinem DXer-Haushalt fehlen. Dank DSP-Filter verf\u00fcgt dieses Ger\u00e4t \u00fcber hohe Trennsch\u00e4rfe und ist \u00e4u\u00dferst empfindlich. Ebenso ist der Sony kaum \u00fcbersteuerungsanf\u00e4llig: bei starken Signalen regelt&#8230;<\/p>\n","protected":false},"author":1,"featured_media":0,"parent":2,"menu_order":1,"comment_status":"closed","ping_status":"closed","template":"","meta":{"footnotes":""},"class_list":["post-12","page","type-page","status-publish","hentry"],"_links":{"self":[{"href":"https:\/\/dxpg.at\/index.php?rest_route=\/wp\/v2\/pages\/12","targetHints":{"allow":["GET"]}}],"collection":[{"href":"https:\/\/dxpg.at\/index.php?rest_route=\/wp\/v2\/pages"}],"about":[{"href":"https:\/\/dxpg.at\/index.php?rest_route=\/wp\/v2\/types\/page"}],"author":[{"embeddable":true,"href":"https:\/\/dxpg.at\/index.php?rest_route=\/wp\/v2\/users\/1"}],"replies":[{"embeddable":true,"href":"https:\/\/dxpg.at\/index.php?rest_route=%2Fwp%2Fv2%2Fcomments&post=12"}],"version-history":[{"count":4,"href":"https:\/\/dxpg.at\/index.php?rest_route=\/wp\/v2\/pages\/12\/revisions"}],"predecessor-version":[{"id":708,"href":"https:\/\/dxpg.at\/index.php?rest_route=\/wp\/v2\/pages\/12\/revisions\/708"}],"up":[{"embeddable":true,"href":"https:\/\/dxpg.at\/index.php?rest_route=\/wp\/v2\/pages\/2"}],"wp:attachment":[{"href":"https:\/\/dxpg.at\/index.php?rest_route=%2Fwp%2Fv2%2Fmedia&parent=12"}],"curies":[{"name":"wp","href":"https:\/\/api.w.org\/{rel}","templated":true}]}}